{"id":11,"date":"2025-08-11T15:38:13","date_gmt":"2025-08-11T15:38:13","guid":{"rendered":"https:\/\/www.moon-evenementiel.com\/index.php\/boutique\/"},"modified":"2025-09-10T08:53:55","modified_gmt":"2025-09-10T08:53:55","slug":"boutique","status":"publish","type":"page","link":"https:\/\/www.moon-evenementiel.com\/index.php\/boutique\/","title":{"rendered":"Boutique"},"content":{"rendered":"","protected":false},"excerpt":{"rendered":"","protected":false},"author":1,"featured_media":0,"parent":0,"menu_order":0,"comment_status":"closed","ping_status":"closed","template":"","meta":{"_et_pb_use_builder":"on","_et_pb_old_content":"","_et_gb_content_width":"","footnotes":""},"class_list":["post-11","page","type-page","status-publish","hentry"],"yoast_head":"<!-- This site is optimized with the Yoast SEO plugin v25.7 - https:\/\/yoast.com\/wordpress\/plugins\/seo\/ -->\n<title>Boutique - MOON \u00c9v\u00e9nementiel<\/title>\n<meta name=\"description\" content=\"D\u00e9couvrez la boutique Moon \u00c9v\u00e8nementiel \u00e0 Dunkerque : location mobilier, tonnelles, sonorisation, d\u00e9coration et packs pour vos \u00e9v\u00e8nements.\" \/>\n<meta name=\"robots\" content=\"index, follow, max-snippet:-1, max-image-preview:large, max-video-preview:-1\" \/>\n<link rel=\"canonical\" href=\"http:\/\/www.moon-evenementiel.com\/index.php\/boutique\/\" \/>\n<meta property=\"og:locale\" content=\"fr_FR\" \/>\n<meta property=\"og:type\" content=\"article\" \/>\n<meta property=\"og:title\" content=\"Boutique - MOON \u00c9v\u00e9nementiel\" \/>\n<meta property=\"og:description\" content=\"D\u00e9couvrez la boutique Moon \u00c9v\u00e8nementiel \u00e0 Dunkerque : location mobilier, tonnelles, sonorisation, d\u00e9coration et packs pour vos \u00e9v\u00e8nements.\" \/>\n<meta property=\"og:url\" content=\"http:\/\/www.moon-evenementiel.com\/index.php\/boutique\/\" \/>\n<meta property=\"og:site_name\" content=\"MOON \u00c9v\u00e9nementiel\" \/>\n<meta property=\"article:publisher\" content=\"https:\/\/www.facebook.com\/share\/1EoGw3KKA8\/?mibextid=wwXIfr\" \/>\n<meta property=\"article:modified_time\" content=\"2025-09-10T08:53:55+00:00\" \/>\n<meta name=\"twitter:card\" content=\"summary_large_image\" \/>\n<script type=\"application\/ld+json\" class=\"yoast-schema-graph\">{\"@context\":\"https:\/\/schema.org\",\"@graph\":[{\"@type\":\"WebPage\",\"@id\":\"http:\/\/www.moon-evenementiel.com\/index.php\/boutique\/\",\"url\":\"http:\/\/www.moon-evenementiel.com\/index.php\/boutique\/\",\"name\":\"Boutique - MOON \u00c9v\u00e9nementiel\",\"isPartOf\":{\"@id\":\"https:\/\/www.moon-evenementiel.com\/#website\"},\"datePublished\":\"2025-08-11T15:38:13+00:00\",\"dateModified\":\"2025-09-10T08:53:55+00:00\",\"description\":\"D\u00e9couvrez la boutique Moon \u00c9v\u00e8nementiel \u00e0 Dunkerque : location mobilier, tonnelles, sonorisation, d\u00e9coration et packs pour vos \u00e9v\u00e8nements.\",\"breadcrumb\":{\"@id\":\"http:\/\/www.moon-evenementiel.com\/index.php\/boutique\/#breadcrumb\"},\"inLanguage\":\"fr-FR\",\"potentialAction\":[{\"@type\":\"ReadAction\",\"target\":[\"http:\/\/www.moon-evenementiel.com\/index.php\/boutique\/\"]}]},{\"@type\":\"BreadcrumbList\",\"@id\":\"http:\/\/www.moon-evenementiel.com\/index.php\/boutique\/#breadcrumb\",\"itemListElement\":[{\"@type\":\"ListItem\",\"position\":1,\"name\":\"Accueil\",\"item\":\"https:\/\/www.moon-evenementiel.com\/\"},{\"@type\":\"ListItem\",\"position\":2,\"name\":\"Boutique\"}]},{\"@type\":\"WebSite\",\"@id\":\"https:\/\/www.moon-evenementiel.com\/#website\",\"url\":\"https:\/\/www.moon-evenementiel.com\/\",\"name\":\"Moon \u00c9v\u00e8nementiel\",\"description\":\"Location et prestations \u00e9v\u00e9nementielles\",\"publisher\":{\"@id\":\"https:\/\/www.moon-evenementiel.com\/#organization\"},\"potentialAction\":[{\"@type\":\"SearchAction\",\"target\":{\"@type\":\"EntryPoint\",\"urlTemplate\":\"https:\/\/www.moon-evenementiel.com\/?s={search_term_string}\"},\"query-input\":{\"@type\":\"PropertyValueSpecification\",\"valueRequired\":true,\"valueName\":\"search_term_string\"}}],\"inLanguage\":\"fr-FR\"},{\"@type\":\"Organization\",\"@id\":\"https:\/\/www.moon-evenementiel.com\/#organization\",\"name\":\"Moon \u00c9v\u00e8nementiel\",\"url\":\"https:\/\/www.moon-evenementiel.com\/\",\"logo\":{\"@type\":\"ImageObject\",\"inLanguage\":\"fr-FR\",\"@id\":\"https:\/\/www.moon-evenementiel.com\/#\/schema\/logo\/image\/\",\"url\":\"https:\/\/www.moon-evenementiel.com\/wp-content\/uploads\/2025\/08\/1-copie.png\",\"contentUrl\":\"https:\/\/www.moon-evenementiel.com\/wp-content\/uploads\/2025\/08\/1-copie.png\",\"width\":500,\"height\":500,\"caption\":\"Moon \u00c9v\u00e8nementiel\"},\"image\":{\"@id\":\"https:\/\/www.moon-evenementiel.com\/#\/schema\/logo\/image\/\"},\"sameAs\":[\"https:\/\/www.facebook.com\/share\/1EoGw3KKA8\/?mibextid=wwXIfr\",\"https:\/\/www.instagram.com\/moon.evenementiel?igsh=dmlwcjBxZXc4MDRm&utm_source=qr\"]}]}<\/script>\n<!-- \/ Yoast SEO plugin. -->","yoast_head_json":{"title":"Boutique - MOON \u00c9v\u00e9nementiel","description":"D\u00e9couvrez la boutique Moon \u00c9v\u00e8nementiel \u00e0 Dunkerque : location mobilier, tonnelles, sonorisation, d\u00e9coration et packs pour vos \u00e9v\u00e8nements.","robots":{"index":"index","follow":"follow","max-snippet":"max-snippet:-1","max-image-preview":"max-image-preview:large","max-video-preview":"max-video-preview:-1"},"canonical":"http:\/\/www.moon-evenementiel.com\/index.php\/boutique\/","og_locale":"fr_FR","og_type":"article","og_title":"Boutique - MOON \u00c9v\u00e9nementiel","og_description":"D\u00e9couvrez la boutique Moon \u00c9v\u00e8nementiel \u00e0 Dunkerque : location mobilier, tonnelles, sonorisation, d\u00e9coration et packs pour vos \u00e9v\u00e8nements.","og_url":"http:\/\/www.moon-evenementiel.com\/index.php\/boutique\/","og_site_name":"MOON \u00c9v\u00e9nementiel","article_publisher":"https:\/\/www.facebook.com\/share\/1EoGw3KKA8\/?mibextid=wwXIfr","article_modified_time":"2025-09-10T08:53:55+00:00","twitter_card":"summary_large_image","schema":{"@context":"https:\/\/schema.org","@graph":[{"@type":"WebPage","@id":"http:\/\/www.moon-evenementiel.com\/index.php\/boutique\/","url":"http:\/\/www.moon-evenementiel.com\/index.php\/boutique\/","name":"Boutique - MOON \u00c9v\u00e9nementiel","isPartOf":{"@id":"https:\/\/www.moon-evenementiel.com\/#website"},"datePublished":"2025-08-11T15:38:13+00:00","dateModified":"2025-09-10T08:53:55+00:00","description":"D\u00e9couvrez la boutique Moon \u00c9v\u00e8nementiel \u00e0 Dunkerque : location mobilier, tonnelles, sonorisation, d\u00e9coration et packs pour vos \u00e9v\u00e8nements.","breadcrumb":{"@id":"http:\/\/www.moon-evenementiel.com\/index.php\/boutique\/#breadcrumb"},"inLanguage":"fr-FR","potentialAction":[{"@type":"ReadAction","target":["http:\/\/www.moon-evenementiel.com\/index.php\/boutique\/"]}]},{"@type":"BreadcrumbList","@id":"http:\/\/www.moon-evenementiel.com\/index.php\/boutique\/#breadcrumb","itemListElement":[{"@type":"ListItem","position":1,"name":"Accueil","item":"https:\/\/www.moon-evenementiel.com\/"},{"@type":"ListItem","position":2,"name":"Boutique"}]},{"@type":"WebSite","@id":"https:\/\/www.moon-evenementiel.com\/#website","url":"https:\/\/www.moon-evenementiel.com\/","name":"Moon \u00c9v\u00e8nementiel","description":"Location et prestations \u00e9v\u00e9nementielles","publisher":{"@id":"https:\/\/www.moon-evenementiel.com\/#organization"},"potentialAction":[{"@type":"SearchAction","target":{"@type":"EntryPoint","urlTemplate":"https:\/\/www.moon-evenementiel.com\/?s={search_term_string}"},"query-input":{"@type":"PropertyValueSpecification","valueRequired":true,"valueName":"search_term_string"}}],"inLanguage":"fr-FR"},{"@type":"Organization","@id":"https:\/\/www.moon-evenementiel.com\/#organization","name":"Moon \u00c9v\u00e8nementiel","url":"https:\/\/www.moon-evenementiel.com\/","logo":{"@type":"ImageObject","inLanguage":"fr-FR","@id":"https:\/\/www.moon-evenementiel.com\/#\/schema\/logo\/image\/","url":"https:\/\/www.moon-evenementiel.com\/wp-content\/uploads\/2025\/08\/1-copie.png","contentUrl":"https:\/\/www.moon-evenementiel.com\/wp-content\/uploads\/2025\/08\/1-copie.png","width":500,"height":500,"caption":"Moon \u00c9v\u00e8nementiel"},"image":{"@id":"https:\/\/www.moon-evenementiel.com\/#\/schema\/logo\/image\/"},"sameAs":["https:\/\/www.facebook.com\/share\/1EoGw3KKA8\/?mibextid=wwXIfr","https:\/\/www.instagram.com\/moon.evenementiel?igsh=dmlwcjBxZXc4MDRm&utm_source=qr"]}]}},"_links":{"self":[{"href":"https:\/\/www.moon-evenementiel.com\/index.php\/wp-json\/wp\/v2\/pages\/11","targetHints":{"allow":["GET"]}}],"collection":[{"href":"https:\/\/www.moon-evenementiel.com\/index.php\/wp-json\/wp\/v2\/pages"}],"about":[{"href":"https:\/\/www.moon-evenementiel.com\/index.php\/wp-json\/wp\/v2\/types\/page"}],"author":[{"embeddable":true,"href":"https:\/\/www.moon-evenementiel.com\/index.php\/wp-json\/wp\/v2\/users\/1"}],"replies":[{"embeddable":true,"href":"https:\/\/www.moon-evenementiel.com\/index.php\/wp-json\/wp\/v2\/comments?post=11"}],"version-history":[{"count":3,"href":"https:\/\/www.moon-evenementiel.com\/index.php\/wp-json\/wp\/v2\/pages\/11\/revisions"}],"predecessor-version":[{"id":987553697,"href":"https:\/\/www.moon-evenementiel.com\/index.php\/wp-json\/wp\/v2\/pages\/11\/revisions\/987553697"}],"wp:attachment":[{"href":"https:\/\/www.moon-evenementiel.com\/index.php\/wp-json\/wp\/v2\/media?parent=11"}],"curies":[{"name":"wp","href":"https:\/\/api.w.org\/{rel}","templated":true}]}}