{"id":987552794,"date":"2025-08-15T15:54:50","date_gmt":"2025-08-15T15:54:50","guid":{"rendered":"https:\/\/www.moon-evenementiel.com\/?post_type=product&#038;p=987552794"},"modified":"2025-09-09T13:16:19","modified_gmt":"2025-09-09T13:16:19","slug":"tonnelle-4-x-8-m","status":"publish","type":"product","link":"https:\/\/www.moon-evenementiel.com\/index.php\/produit\/tonnelle-4-x-8-m\/","title":{"rendered":"Tonnelle 4x8m"},"content":{"rendered":"<h1>Location Tonnelle 4\u00d78m \u2013 Votre espace prot\u00e9g\u00e9 pour tous vos \u00e9v\u00e9nements<\/h1>\n<h2><b>Une tonnelle solide et modulable<\/b><\/h2>\n<p class=\"p3\">La Tonnelle 4\u00d78m est con\u00e7ue pour affronter les conditions les plus extr\u00eames. Avec ses 32\u202fm\u00b2 de surface prot\u00e9g\u00e9e, elle se d\u00e9ploie <span class=\"s2\"><b>comme une v\u00e9ritable station spatiale en mission<\/b><\/span>. <span class=\"s2\">De plus<\/span>, elle est r\u00e9glable sur 5 hauteurs. Ainsi, vous pouvez l\u2019adapter facilement \u00e0 tous vos besoins et types d\u2019\u00e9v\u00e9nements. <span class=\"s2\">Gr\u00e2ce \u00e0<\/span> ses b\u00e2ches PVC camion 520\u202fg, \u00e9tanches et \u00e0 double couture, la tonnelle r\u00e9siste aux intemp\u00e9ries jusqu\u2019\u00e0 80\u202fkm\/h de vent. <span class=\"s2\">Par cons\u00e9quent<\/span>, elle cr\u00e9e un coin repas, une zone de c\u00e9r\u00e9monie ou un espace d\u00e9tente. Vos invit\u00e9s restent \u00e0 l\u2019abri du soleil et de la pluie.<\/p>\n<h2><b>Un design \u00e9l\u00e9gant et intemporel<\/b><\/h2>\n<p class=\"p3\">Son design sobre et intemporel s\u2019int\u00e8gre parfaitement \u00e0 toutes vos ambiances. Que ce soit pour un mariage \u00e9l\u00e9gant, une r\u00e9ception familiale ou un \u00e9v\u00e9nement professionnel, elle s\u2019adapte facilement. <span class=\"s2\">En parall\u00e8le<\/span>, la structure offre une grande modularit\u00e9. Vous pouvez organiser vos espaces comme vous le souhaitez. Elle se pr\u00eate aussi bien \u00e0 des usages ponctuels qu\u2019\u00e0 des \u00e9v\u00e9nements plus longs.<\/p>\n<h2><b>Personnalisation et options d\u00e9coratives<\/b><\/h2>\n<p class=\"p3\"><span class=\"s2\">De surcro\u00eet<\/span>, vous pouvez la personnaliser selon vos envies :<\/p>\n<ul>\n<li>\n<p class=\"p1\">Ajoutez un kit c\u00f4t\u00e9s \u00e9tanches blancs avec fen\u00eatres pour fermer la tonnelle.<\/p>\n<\/li>\n<li>\n<p class=\"p1\">Installez des voilages l\u00e9gers pour cr\u00e9er une ambiance a\u00e9rienne et romantique.<\/p>\n<\/li>\n<li>\n<p class=\"p1\">Suspendez des guirlandes lumineuses afin de donner une atmosph\u00e8re chaleureuse en soir\u00e9e.<\/p>\n<\/li>\n<\/ul>\n<p class=\"p3\"><span class=\"s2\">Par ailleurs<\/span>, les compositions florales, suspensions d\u00e9coratives et le mobilier lumineux ou classique compl\u00e8tent parfaitement l\u2019installation. Vous pouvez \u00e9galement profiter d\u2019une sonorisation haut de gamme et d\u2019une ambiance lumineuse travaill\u00e9e avec nos jeux de lumi\u00e8res et totems. Cela permet de cr\u00e9er une exp\u00e9rience unique pour vos invit\u00e9s, quel que soit le moment de la journ\u00e9e.<\/p>\n<h2><b>Dimensions et transport<\/b><\/h2>\n<p class=\"p3\"><span class=\"s2\"><b>En ce qui concerne les dimensions :<\/b><\/span> largeur 400\u202fcm, longueur 800\u202fcm, hauteur ajustable de 193 \u00e0 223\u202fcm pour la hauteur de passage et de 310 \u00e0 330\u202fcm sous faitage.<\/p>\n<p class=\"p3\"><span class=\"s2\"><b>Enfin<\/b><\/span>, cette tonnelle est pliante. Cela facilite son transport et son installation. Hauteur pli\u00e9e : 210\u202fcm.<\/p>\n<p>&nbsp;<\/p>\n<p class=\"p4\"><span class=\"s3\">\ud83d\udef0\ufe0f <\/span><b>Pr\u00e9parez votre alunissage, la MoonBase est pr\u00eate au d\u00e9ploiement pour tous vos \u00e9v\u00e9nements !<\/b><\/p>\n","protected":false},"excerpt":{"rendered":"<p class=\"p1\">Location de tonnelle 4x8m \u00e0 Dunkerque. Tonnelle en aluminium haut de gamme, modulable et ultra-r\u00e9sistante aux intemp\u00e9ries. Totalement \u00e9tanche notre Barnum est id\u00e9al pour vos \u00e9v\u00e9nements en plein air. Nombreuses options disponibles.<\/p>\n","protected":false},"featured_media":987552835,"template":"","meta":{"_et_pb_use_builder":"","_et_pb_old_content":"","_et_gb_content_width":""},"product_brand":[],"product_cat":[27],"product_tag":[36,35,37,33,34],"class_list":{"0":"post-987552794","1":"product","2":"type-product","3":"status-publish","4":"has-post-thumbnail","6":"product_cat-location-tonnelles-dunkerque","7":"product_tag-4x8m","8":"product_tag-barnum","9":"product_tag-dunkerque","10":"product_tag-location","11":"product_tag-tonnelle","13":"first","14":"instock","15":"sale","16":"taxable","17":"shipping-taxable","18":"purchasable","19":"product-type-simple"},"yoast_head":"<!-- This site is optimized with the Yoast SEO plugin v25.7 - https:\/\/yoast.com\/wordpress\/plugins\/seo\/ -->\n<title>Tonnelle 4x8m - MOON \u00c9v\u00e9nementiel<\/title>\n<meta name=\"description\" content=\"Location de tonnelle 4x8m \u00e0 Dunkerque. Haut de gamme, modulable et ultra-r\u00e9sistante aux intemp\u00e9ries. Id\u00e9al pour vos \u00e9v\u00e9nements en plein air.\" \/>\n<meta name=\"robots\" content=\"index, follow, max-snippet:-1, max-image-preview:large, max-video-preview:-1\" \/>\n<link rel=\"canonical\" href=\"http:\/\/www.moon-evenementiel.com\/index.php\/produit\/tonnelle-4-x-8-m\/\" \/>\n<meta property=\"og:locale\" content=\"fr_FR\" \/>\n<meta property=\"og:type\" content=\"article\" \/>\n<meta property=\"og:title\" content=\"Tonnelle 4x8m - MOON \u00c9v\u00e9nementiel\" \/>\n<meta property=\"og:description\" content=\"Location de tonnelle 4x8m \u00e0 Dunkerque. Haut de gamme, modulable et ultra-r\u00e9sistante aux intemp\u00e9ries. Id\u00e9al pour vos \u00e9v\u00e9nements en plein air.\" \/>\n<meta property=\"og:url\" content=\"http:\/\/www.moon-evenementiel.com\/index.php\/produit\/tonnelle-4-x-8-m\/\" \/>\n<meta property=\"og:site_name\" content=\"MOON \u00c9v\u00e9nementiel\" \/>\n<meta property=\"article:publisher\" content=\"https:\/\/www.facebook.com\/share\/1EoGw3KKA8\/?mibextid=wwXIfr\" \/>\n<meta property=\"article:modified_time\" content=\"2025-09-09T13:16:19+00:00\" \/>\n<meta property=\"og:image\" content=\"http:\/\/www.moon-evenementiel.com\/wp-content\/uploads\/2025\/08\/TONNELLE-4X8-BOUTIQUE.png\" \/>\n\t<meta property=\"og:image:width\" content=\"500\" \/>\n\t<meta property=\"og:image:height\" content=\"500\" \/>\n\t<meta property=\"og:image:type\" content=\"image\/png\" \/>\n<meta name=\"twitter:card\" content=\"summary_large_image\" \/>\n<meta name=\"twitter:label1\" content=\"Dur\u00e9e de lecture estim\u00e9e\" \/>\n\t<meta name=\"twitter:data1\" content=\"2 minutes\" \/>\n<script type=\"application\/ld+json\" class=\"yoast-schema-graph\">{\"@context\":\"https:\/\/schema.org\",\"@graph\":[{\"@type\":\"WebPage\",\"@id\":\"http:\/\/www.moon-evenementiel.com\/index.php\/produit\/tonnelle-4-x-8-m\/\",\"url\":\"http:\/\/www.moon-evenementiel.com\/index.php\/produit\/tonnelle-4-x-8-m\/\",\"name\":\"Tonnelle 4x8m - MOON \u00c9v\u00e9nementiel\",\"isPartOf\":{\"@id\":\"https:\/\/www.moon-evenementiel.com\/#website\"},\"primaryImageOfPage\":{\"@id\":\"http:\/\/www.moon-evenementiel.com\/index.php\/produit\/tonnelle-4-x-8-m\/#primaryimage\"},\"image\":{\"@id\":\"http:\/\/www.moon-evenementiel.com\/index.php\/produit\/tonnelle-4-x-8-m\/#primaryimage\"},\"thumbnailUrl\":\"https:\/\/www.moon-evenementiel.com\/wp-content\/uploads\/2025\/08\/TONNELLE-4X8-BOUTIQUE.png\",\"datePublished\":\"2025-08-15T15:54:50+00:00\",\"dateModified\":\"2025-09-09T13:16:19+00:00\",\"description\":\"Location de tonnelle 4x8m \u00e0 Dunkerque. Haut de gamme, modulable et ultra-r\u00e9sistante aux intemp\u00e9ries. Id\u00e9al pour vos \u00e9v\u00e9nements en plein air.\",\"breadcrumb\":{\"@id\":\"http:\/\/www.moon-evenementiel.com\/index.php\/produit\/tonnelle-4-x-8-m\/#breadcrumb\"},\"inLanguage\":\"fr-FR\",\"potentialAction\":[{\"@type\":\"ReadAction\",\"target\":[\"http:\/\/www.moon-evenementiel.com\/index.php\/produit\/tonnelle-4-x-8-m\/\"]}]},{\"@type\":\"ImageObject\",\"inLanguage\":\"fr-FR\",\"@id\":\"http:\/\/www.moon-evenementiel.com\/index.php\/produit\/tonnelle-4-x-8-m\/#primaryimage\",\"url\":\"https:\/\/www.moon-evenementiel.com\/wp-content\/uploads\/2025\/08\/TONNELLE-4X8-BOUTIQUE.png\",\"contentUrl\":\"https:\/\/www.moon-evenementiel.com\/wp-content\/uploads\/2025\/08\/TONNELLE-4X8-BOUTIQUE.png\",\"width\":500,\"height\":500},{\"@type\":\"BreadcrumbList\",\"@id\":\"http:\/\/www.moon-evenementiel.com\/index.php\/produit\/tonnelle-4-x-8-m\/#breadcrumb\",\"itemListElement\":[{\"@type\":\"ListItem\",\"position\":1,\"name\":\"Accueil\",\"item\":\"https:\/\/www.moon-evenementiel.com\/\"},{\"@type\":\"ListItem\",\"position\":2,\"name\":\"Boutique\",\"item\":\"http:\/\/www.moon-evenementiel.com\/index.php\/boutique\/\"},{\"@type\":\"ListItem\",\"position\":3,\"name\":\"Tonnelle 4x8m\"}]},{\"@type\":\"WebSite\",\"@id\":\"https:\/\/www.moon-evenementiel.com\/#website\",\"url\":\"https:\/\/www.moon-evenementiel.com\/\",\"name\":\"Moon \u00c9v\u00e8nementiel\",\"description\":\"Location et prestations \u00e9v\u00e9nementielles\",\"publisher\":{\"@id\":\"https:\/\/www.moon-evenementiel.com\/#organization\"},\"potentialAction\":[{\"@type\":\"SearchAction\",\"target\":{\"@type\":\"EntryPoint\",\"urlTemplate\":\"https:\/\/www.moon-evenementiel.com\/?s={search_term_string}\"},\"query-input\":{\"@type\":\"PropertyValueSpecification\",\"valueRequired\":true,\"valueName\":\"search_term_string\"}}],\"inLanguage\":\"fr-FR\"},{\"@type\":\"Organization\",\"@id\":\"https:\/\/www.moon-evenementiel.com\/#organization\",\"name\":\"Moon \u00c9v\u00e8nementiel\",\"url\":\"https:\/\/www.moon-evenementiel.com\/\",\"logo\":{\"@type\":\"ImageObject\",\"inLanguage\":\"fr-FR\",\"@id\":\"https:\/\/www.moon-evenementiel.com\/#\/schema\/logo\/image\/\",\"url\":\"https:\/\/www.moon-evenementiel.com\/wp-content\/uploads\/2025\/08\/1-copie.png\",\"contentUrl\":\"https:\/\/www.moon-evenementiel.com\/wp-content\/uploads\/2025\/08\/1-copie.png\",\"width\":500,\"height\":500,\"caption\":\"Moon \u00c9v\u00e8nementiel\"},\"image\":{\"@id\":\"https:\/\/www.moon-evenementiel.com\/#\/schema\/logo\/image\/\"},\"sameAs\":[\"https:\/\/www.facebook.com\/share\/1EoGw3KKA8\/?mibextid=wwXIfr\",\"https:\/\/www.instagram.com\/moon.evenementiel?igsh=dmlwcjBxZXc4MDRm&utm_source=qr\"]}]}<\/script>\n<!-- \/ Yoast SEO plugin. -->","yoast_head_json":{"title":"Tonnelle 4x8m - MOON \u00c9v\u00e9nementiel","description":"Location de tonnelle 4x8m \u00e0 Dunkerque. Haut de gamme, modulable et ultra-r\u00e9sistante aux intemp\u00e9ries. Id\u00e9al pour vos \u00e9v\u00e9nements en plein air.","robots":{"index":"index","follow":"follow","max-snippet":"max-snippet:-1","max-image-preview":"max-image-preview:large","max-video-preview":"max-video-preview:-1"},"canonical":"http:\/\/www.moon-evenementiel.com\/index.php\/produit\/tonnelle-4-x-8-m\/","og_locale":"fr_FR","og_type":"article","og_title":"Tonnelle 4x8m - MOON \u00c9v\u00e9nementiel","og_description":"Location de tonnelle 4x8m \u00e0 Dunkerque. Haut de gamme, modulable et ultra-r\u00e9sistante aux intemp\u00e9ries. Id\u00e9al pour vos \u00e9v\u00e9nements en plein air.","og_url":"http:\/\/www.moon-evenementiel.com\/index.php\/produit\/tonnelle-4-x-8-m\/","og_site_name":"MOON \u00c9v\u00e9nementiel","article_publisher":"https:\/\/www.facebook.com\/share\/1EoGw3KKA8\/?mibextid=wwXIfr","article_modified_time":"2025-09-09T13:16:19+00:00","og_image":[{"width":500,"height":500,"url":"http:\/\/www.moon-evenementiel.com\/wp-content\/uploads\/2025\/08\/TONNELLE-4X8-BOUTIQUE.png","type":"image\/png"}],"twitter_card":"summary_large_image","twitter_misc":{"Dur\u00e9e de lecture estim\u00e9e":"2 minutes"},"schema":{"@context":"https:\/\/schema.org","@graph":[{"@type":"WebPage","@id":"http:\/\/www.moon-evenementiel.com\/index.php\/produit\/tonnelle-4-x-8-m\/","url":"http:\/\/www.moon-evenementiel.com\/index.php\/produit\/tonnelle-4-x-8-m\/","name":"Tonnelle 4x8m - MOON \u00c9v\u00e9nementiel","isPartOf":{"@id":"https:\/\/www.moon-evenementiel.com\/#website"},"primaryImageOfPage":{"@id":"http:\/\/www.moon-evenementiel.com\/index.php\/produit\/tonnelle-4-x-8-m\/#primaryimage"},"image":{"@id":"http:\/\/www.moon-evenementiel.com\/index.php\/produit\/tonnelle-4-x-8-m\/#primaryimage"},"thumbnailUrl":"https:\/\/www.moon-evenementiel.com\/wp-content\/uploads\/2025\/08\/TONNELLE-4X8-BOUTIQUE.png","datePublished":"2025-08-15T15:54:50+00:00","dateModified":"2025-09-09T13:16:19+00:00","description":"Location de tonnelle 4x8m \u00e0 Dunkerque. Haut de gamme, modulable et ultra-r\u00e9sistante aux intemp\u00e9ries. Id\u00e9al pour vos \u00e9v\u00e9nements en plein air.","breadcrumb":{"@id":"http:\/\/www.moon-evenementiel.com\/index.php\/produit\/tonnelle-4-x-8-m\/#breadcrumb"},"inLanguage":"fr-FR","potentialAction":[{"@type":"ReadAction","target":["http:\/\/www.moon-evenementiel.com\/index.php\/produit\/tonnelle-4-x-8-m\/"]}]},{"@type":"ImageObject","inLanguage":"fr-FR","@id":"http:\/\/www.moon-evenementiel.com\/index.php\/produit\/tonnelle-4-x-8-m\/#primaryimage","url":"https:\/\/www.moon-evenementiel.com\/wp-content\/uploads\/2025\/08\/TONNELLE-4X8-BOUTIQUE.png","contentUrl":"https:\/\/www.moon-evenementiel.com\/wp-content\/uploads\/2025\/08\/TONNELLE-4X8-BOUTIQUE.png","width":500,"height":500},{"@type":"BreadcrumbList","@id":"http:\/\/www.moon-evenementiel.com\/index.php\/produit\/tonnelle-4-x-8-m\/#breadcrumb","itemListElement":[{"@type":"ListItem","position":1,"name":"Accueil","item":"https:\/\/www.moon-evenementiel.com\/"},{"@type":"ListItem","position":2,"name":"Boutique","item":"http:\/\/www.moon-evenementiel.com\/index.php\/boutique\/"},{"@type":"ListItem","position":3,"name":"Tonnelle 4x8m"}]},{"@type":"WebSite","@id":"https:\/\/www.moon-evenementiel.com\/#website","url":"https:\/\/www.moon-evenementiel.com\/","name":"Moon \u00c9v\u00e8nementiel","description":"Location et prestations \u00e9v\u00e9nementielles","publisher":{"@id":"https:\/\/www.moon-evenementiel.com\/#organization"},"potentialAction":[{"@type":"SearchAction","target":{"@type":"EntryPoint","urlTemplate":"https:\/\/www.moon-evenementiel.com\/?s={search_term_string}"},"query-input":{"@type":"PropertyValueSpecification","valueRequired":true,"valueName":"search_term_string"}}],"inLanguage":"fr-FR"},{"@type":"Organization","@id":"https:\/\/www.moon-evenementiel.com\/#organization","name":"Moon \u00c9v\u00e8nementiel","url":"https:\/\/www.moon-evenementiel.com\/","logo":{"@type":"ImageObject","inLanguage":"fr-FR","@id":"https:\/\/www.moon-evenementiel.com\/#\/schema\/logo\/image\/","url":"https:\/\/www.moon-evenementiel.com\/wp-content\/uploads\/2025\/08\/1-copie.png","contentUrl":"https:\/\/www.moon-evenementiel.com\/wp-content\/uploads\/2025\/08\/1-copie.png","width":500,"height":500,"caption":"Moon \u00c9v\u00e8nementiel"},"image":{"@id":"https:\/\/www.moon-evenementiel.com\/#\/schema\/logo\/image\/"},"sameAs":["https:\/\/www.facebook.com\/share\/1EoGw3KKA8\/?mibextid=wwXIfr","https:\/\/www.instagram.com\/moon.evenementiel?igsh=dmlwcjBxZXc4MDRm&utm_source=qr"]}]}},"_links":{"self":[{"href":"https:\/\/www.moon-evenementiel.com\/index.php\/wp-json\/wp\/v2\/product\/987552794","targetHints":{"allow":["GET"]}}],"collection":[{"href":"https:\/\/www.moon-evenementiel.com\/index.php\/wp-json\/wp\/v2\/product"}],"about":[{"href":"https:\/\/www.moon-evenementiel.com\/index.php\/wp-json\/wp\/v2\/types\/product"}],"wp:featuredmedia":[{"embeddable":true,"href":"https:\/\/www.moon-evenementiel.com\/index.php\/wp-json\/wp\/v2\/media\/987552835"}],"wp:attachment":[{"href":"https:\/\/www.moon-evenementiel.com\/index.php\/wp-json\/wp\/v2\/media?parent=987552794"}],"wp:term":[{"taxonomy":"product_brand","embeddable":true,"href":"https:\/\/www.moon-evenementiel.com\/index.php\/wp-json\/wp\/v2\/product_brand?post=987552794"},{"taxonomy":"product_cat","embeddable":true,"href":"https:\/\/www.moon-evenementiel.com\/index.php\/wp-json\/wp\/v2\/product_cat?post=987552794"},{"taxonomy":"product_tag","embeddable":true,"href":"https:\/\/www.moon-evenementiel.com\/index.php\/wp-json\/wp\/v2\/product_tag?post=987552794"}],"curies":[{"name":"wp","href":"https:\/\/api.w.org\/{rel}","templated":true}]}}