{"id":987552863,"date":"2025-08-19T14:58:02","date_gmt":"2025-08-19T14:58:02","guid":{"rendered":"https:\/\/www.moon-evenementiel.com\/?post_type=product&#038;p=987552863"},"modified":"2025-09-09T13:00:09","modified_gmt":"2025-09-09T13:00:09","slug":"chateau-gonflable-jungle-avec-gorille-super","status":"publish","type":"product","link":"https:\/\/www.moon-evenementiel.com\/index.php\/produit\/chateau-gonflable-jungle-avec-gorille-super\/","title":{"rendered":"Ch\u00e2teau Gonflable Jungle avec Gorille Super"},"content":{"rendered":"<h2 class=\"p1\">Ch\u00e2teau Gonflable Jungle avec Gorille Super<\/h2>\n<p><strong>Voyez les choses en grand avec le ch\u00e2teau gonflable gorille super\u00a0<\/strong><\/p>\n<p>Une variante plus grande du c\u00e9l\u00e8bre ch\u00e2teau gonflable standard. Avec une taille de 6x5m, ce ch\u00e2teau gonflable jungle avec gorille a une grande surface de saut et pourra accueillir une capacit\u00e9 de quatorze enfants maximum. Moon a ajout\u00e9 une petite originalit\u00e9 en int\u00e9grant un gorille en 3D sur le toit de la structure gonflable. Le gonflable attire les regards m\u00eame les plus lointains ! De plus, Le ch\u00e2teau gonflable jungle avec gorille est couvert d&rsquo;un toit afin de prot\u00e9ger les enfants de la pluie et des rayons du soleil.<\/p>\n<p><strong>Commodit\u00e9 et service<\/strong><\/p>\n<p>Cette structure gonflable est id\u00e9ale pour les anniversaires, les kermesses, les mariages ou tout autre \u00e9v\u00e8nement festif ! Le gonflable est en une partie et est donc facile \u00e0 transporter. il s\u2019installe rapidement, sous environ 10 minutes. Livr\u00e9 avec une soufflerie, des piquets d\u2019ancrage, un sac de transport et un manuel\/carnet de suivi. Ainsi tout est complet, pr\u00eat \u00e0 l\u2019emploi !<\/p>\n<p><strong>Qualit\u00e9 et garantie<\/strong><\/p>\n<p>Les ch\u00e2teaux gonflables Moon sont fabriqu\u00e9es \u00e0 partir de PVC de haute qualit\u00e9 et renforc\u00e9s avec une quadruple couture, prot\u00e9g\u00e9e d\u2019une couverture PVC sur toute la piste de saut et endroits r\u00e9put\u00e9s fragiles :<\/p>\n<p>&#8211; Densit\u00e9 minimum de 650-680g\/m2<br \/>\n&#8211; Ignifug\u00e9 r\u00e9sistant au feu, cat\u00e9goris\u00e9 M2<br \/>\n&#8211; Couleur inalt\u00e9rable<\/p>\n<p><strong>\ud83c\udf15 Une aventure gonfl\u00e9e \u00e0 bloc pour les petits astronautes !<\/strong><\/p>\n","protected":false},"excerpt":{"rendered":"<p class=\"p1\"><b>Location Ch\u00e2teau Gonflable Jungle avec Gorille Super avec toit Dunkerque<\/b><br \/>\n<b><\/b><\/p>\n<p class=\"p2\">Version XL du ch\u00e2teau gonflable standard (6x5m) avec toit protecteur, grande surface de saut et un gorille 3D qui attire tous les regards. Accueille jusqu\u2019\u00e0 14 enfants. Installation rapide (10 min), livr\u00e9 complet : soufflerie, piquets, sac et manuel. PVC haute qualit\u00e9 (650-680g\/m\u00b2), quadruple couture, ignifug\u00e9 norme M2.<\/p>\n<p class=\"p2\">\ud83c\udf34 L\u2019attraction jungle qui impressionne petits et grands !<\/p>\n","protected":false},"featured_media":987552864,"template":"","meta":{"_et_pb_use_builder":"","_et_pb_old_content":"","_et_gb_content_width":""},"product_brand":[],"product_cat":[28],"product_tag":[38,37,41,39,40,33],"class_list":{"0":"post-987552863","1":"product","2":"type-product","3":"status-publish","4":"has-post-thumbnail","6":"product_cat-location-jeux-gonflables-dunkerque","7":"product_tag-chateau","8":"product_tag-dunkerque","9":"product_tag-enfants","10":"product_tag-gonflable","11":"product_tag-jeu","12":"product_tag-location","14":"first","15":"instock","16":"sale","17":"taxable","18":"shipping-taxable","19":"purchasable","20":"product-type-simple"},"yoast_head":"<!-- This site is optimized with the Yoast SEO plugin v25.7 - https:\/\/yoast.com\/wordpress\/plugins\/seo\/ -->\n<title>Ch\u00e2teau Gonflable Jungle avec Gorille Super - MOON \u00c9v\u00e9nementiel<\/title>\n<meta name=\"description\" content=\"Louez la version XL du ch\u00e2teau gonflable standard avec un toit protecteur, une grande surface de saut et un gorille 3D qui attire tous les regards !\" \/>\n<meta name=\"robots\" content=\"index, follow, max-snippet:-1, max-image-preview:large, max-video-preview:-1\" \/>\n<link rel=\"canonical\" href=\"http:\/\/www.moon-evenementiel.com\/index.php\/produit\/chateau-gonflable-jungle-avec-gorille-super\/\" \/>\n<meta property=\"og:locale\" content=\"fr_FR\" \/>\n<meta property=\"og:type\" content=\"article\" \/>\n<meta property=\"og:title\" content=\"Ch\u00e2teau Gonflable Jungle avec Gorille Super - MOON \u00c9v\u00e9nementiel\" \/>\n<meta property=\"og:description\" content=\"Louez la version XL du ch\u00e2teau gonflable standard avec un toit protecteur, une grande surface de saut et un gorille 3D qui attire tous les regards !\" \/>\n<meta property=\"og:url\" content=\"http:\/\/www.moon-evenementiel.com\/index.php\/produit\/chateau-gonflable-jungle-avec-gorille-super\/\" \/>\n<meta property=\"og:site_name\" content=\"MOON \u00c9v\u00e9nementiel\" \/>\n<meta property=\"article:publisher\" content=\"https:\/\/www.facebook.com\/share\/1EoGw3KKA8\/?mibextid=wwXIfr\" \/>\n<meta property=\"article:modified_time\" content=\"2025-09-09T13:00:09+00:00\" \/>\n<meta property=\"og:image\" content=\"http:\/\/www.moon-evenementiel.com\/wp-content\/uploads\/2025\/08\/CHATEAU-GONFLABLE-JUNGLE-GORILLE.png\" \/>\n\t<meta property=\"og:image:width\" content=\"500\" \/>\n\t<meta property=\"og:image:height\" content=\"500\" \/>\n\t<meta property=\"og:image:type\" content=\"image\/png\" \/>\n<meta name=\"twitter:card\" content=\"summary_large_image\" \/>\n<meta name=\"twitter:label1\" content=\"Dur\u00e9e de lecture estim\u00e9e\" \/>\n\t<meta name=\"twitter:data1\" content=\"2 minutes\" \/>\n<script type=\"application\/ld+json\" class=\"yoast-schema-graph\">{\"@context\":\"https:\/\/schema.org\",\"@graph\":[{\"@type\":\"WebPage\",\"@id\":\"http:\/\/www.moon-evenementiel.com\/index.php\/produit\/chateau-gonflable-jungle-avec-gorille-super\/\",\"url\":\"http:\/\/www.moon-evenementiel.com\/index.php\/produit\/chateau-gonflable-jungle-avec-gorille-super\/\",\"name\":\"Ch\u00e2teau Gonflable Jungle avec Gorille Super - MOON \u00c9v\u00e9nementiel\",\"isPartOf\":{\"@id\":\"https:\/\/www.moon-evenementiel.com\/#website\"},\"primaryImageOfPage\":{\"@id\":\"http:\/\/www.moon-evenementiel.com\/index.php\/produit\/chateau-gonflable-jungle-avec-gorille-super\/#primaryimage\"},\"image\":{\"@id\":\"http:\/\/www.moon-evenementiel.com\/index.php\/produit\/chateau-gonflable-jungle-avec-gorille-super\/#primaryimage\"},\"thumbnailUrl\":\"https:\/\/www.moon-evenementiel.com\/wp-content\/uploads\/2025\/08\/CHATEAU-GONFLABLE-JUNGLE-GORILLE.png\",\"datePublished\":\"2025-08-19T14:58:02+00:00\",\"dateModified\":\"2025-09-09T13:00:09+00:00\",\"description\":\"Louez la version XL du ch\u00e2teau gonflable standard avec un toit protecteur, une grande surface de saut et un gorille 3D qui attire tous les regards !\",\"breadcrumb\":{\"@id\":\"http:\/\/www.moon-evenementiel.com\/index.php\/produit\/chateau-gonflable-jungle-avec-gorille-super\/#breadcrumb\"},\"inLanguage\":\"fr-FR\",\"potentialAction\":[{\"@type\":\"ReadAction\",\"target\":[\"http:\/\/www.moon-evenementiel.com\/index.php\/produit\/chateau-gonflable-jungle-avec-gorille-super\/\"]}]},{\"@type\":\"ImageObject\",\"inLanguage\":\"fr-FR\",\"@id\":\"http:\/\/www.moon-evenementiel.com\/index.php\/produit\/chateau-gonflable-jungle-avec-gorille-super\/#primaryimage\",\"url\":\"https:\/\/www.moon-evenementiel.com\/wp-content\/uploads\/2025\/08\/CHATEAU-GONFLABLE-JUNGLE-GORILLE.png\",\"contentUrl\":\"https:\/\/www.moon-evenementiel.com\/wp-content\/uploads\/2025\/08\/CHATEAU-GONFLABLE-JUNGLE-GORILLE.png\",\"width\":500,\"height\":500},{\"@type\":\"BreadcrumbList\",\"@id\":\"http:\/\/www.moon-evenementiel.com\/index.php\/produit\/chateau-gonflable-jungle-avec-gorille-super\/#breadcrumb\",\"itemListElement\":[{\"@type\":\"ListItem\",\"position\":1,\"name\":\"Accueil\",\"item\":\"https:\/\/www.moon-evenementiel.com\/\"},{\"@type\":\"ListItem\",\"position\":2,\"name\":\"Boutique\",\"item\":\"http:\/\/www.moon-evenementiel.com\/index.php\/boutique\/\"},{\"@type\":\"ListItem\",\"position\":3,\"name\":\"Ch\u00e2teau Gonflable Jungle avec Gorille Super\"}]},{\"@type\":\"WebSite\",\"@id\":\"https:\/\/www.moon-evenementiel.com\/#website\",\"url\":\"https:\/\/www.moon-evenementiel.com\/\",\"name\":\"Moon \u00c9v\u00e8nementiel\",\"description\":\"Location et prestations \u00e9v\u00e9nementielles\",\"publisher\":{\"@id\":\"https:\/\/www.moon-evenementiel.com\/#organization\"},\"potentialAction\":[{\"@type\":\"SearchAction\",\"target\":{\"@type\":\"EntryPoint\",\"urlTemplate\":\"https:\/\/www.moon-evenementiel.com\/?s={search_term_string}\"},\"query-input\":{\"@type\":\"PropertyValueSpecification\",\"valueRequired\":true,\"valueName\":\"search_term_string\"}}],\"inLanguage\":\"fr-FR\"},{\"@type\":\"Organization\",\"@id\":\"https:\/\/www.moon-evenementiel.com\/#organization\",\"name\":\"Moon \u00c9v\u00e8nementiel\",\"url\":\"https:\/\/www.moon-evenementiel.com\/\",\"logo\":{\"@type\":\"ImageObject\",\"inLanguage\":\"fr-FR\",\"@id\":\"https:\/\/www.moon-evenementiel.com\/#\/schema\/logo\/image\/\",\"url\":\"https:\/\/www.moon-evenementiel.com\/wp-content\/uploads\/2025\/08\/1-copie.png\",\"contentUrl\":\"https:\/\/www.moon-evenementiel.com\/wp-content\/uploads\/2025\/08\/1-copie.png\",\"width\":500,\"height\":500,\"caption\":\"Moon \u00c9v\u00e8nementiel\"},\"image\":{\"@id\":\"https:\/\/www.moon-evenementiel.com\/#\/schema\/logo\/image\/\"},\"sameAs\":[\"https:\/\/www.facebook.com\/share\/1EoGw3KKA8\/?mibextid=wwXIfr\",\"https:\/\/www.instagram.com\/moon.evenementiel?igsh=dmlwcjBxZXc4MDRm&utm_source=qr\"]}]}<\/script>\n<!-- \/ Yoast SEO plugin. -->","yoast_head_json":{"title":"Ch\u00e2teau Gonflable Jungle avec Gorille Super - MOON \u00c9v\u00e9nementiel","description":"Louez la version XL du ch\u00e2teau gonflable standard avec un toit protecteur, une grande surface de saut et un gorille 3D qui attire tous les regards !","robots":{"index":"index","follow":"follow","max-snippet":"max-snippet:-1","max-image-preview":"max-image-preview:large","max-video-preview":"max-video-preview:-1"},"canonical":"http:\/\/www.moon-evenementiel.com\/index.php\/produit\/chateau-gonflable-jungle-avec-gorille-super\/","og_locale":"fr_FR","og_type":"article","og_title":"Ch\u00e2teau Gonflable Jungle avec Gorille Super - MOON \u00c9v\u00e9nementiel","og_description":"Louez la version XL du ch\u00e2teau gonflable standard avec un toit protecteur, une grande surface de saut et un gorille 3D qui attire tous les regards !","og_url":"http:\/\/www.moon-evenementiel.com\/index.php\/produit\/chateau-gonflable-jungle-avec-gorille-super\/","og_site_name":"MOON \u00c9v\u00e9nementiel","article_publisher":"https:\/\/www.facebook.com\/share\/1EoGw3KKA8\/?mibextid=wwXIfr","article_modified_time":"2025-09-09T13:00:09+00:00","og_image":[{"width":500,"height":500,"url":"http:\/\/www.moon-evenementiel.com\/wp-content\/uploads\/2025\/08\/CHATEAU-GONFLABLE-JUNGLE-GORILLE.png","type":"image\/png"}],"twitter_card":"summary_large_image","twitter_misc":{"Dur\u00e9e de lecture estim\u00e9e":"2 minutes"},"schema":{"@context":"https:\/\/schema.org","@graph":[{"@type":"WebPage","@id":"http:\/\/www.moon-evenementiel.com\/index.php\/produit\/chateau-gonflable-jungle-avec-gorille-super\/","url":"http:\/\/www.moon-evenementiel.com\/index.php\/produit\/chateau-gonflable-jungle-avec-gorille-super\/","name":"Ch\u00e2teau Gonflable Jungle avec Gorille Super - MOON \u00c9v\u00e9nementiel","isPartOf":{"@id":"https:\/\/www.moon-evenementiel.com\/#website"},"primaryImageOfPage":{"@id":"http:\/\/www.moon-evenementiel.com\/index.php\/produit\/chateau-gonflable-jungle-avec-gorille-super\/#primaryimage"},"image":{"@id":"http:\/\/www.moon-evenementiel.com\/index.php\/produit\/chateau-gonflable-jungle-avec-gorille-super\/#primaryimage"},"thumbnailUrl":"https:\/\/www.moon-evenementiel.com\/wp-content\/uploads\/2025\/08\/CHATEAU-GONFLABLE-JUNGLE-GORILLE.png","datePublished":"2025-08-19T14:58:02+00:00","dateModified":"2025-09-09T13:00:09+00:00","description":"Louez la version XL du ch\u00e2teau gonflable standard avec un toit protecteur, une grande surface de saut et un gorille 3D qui attire tous les regards !","breadcrumb":{"@id":"http:\/\/www.moon-evenementiel.com\/index.php\/produit\/chateau-gonflable-jungle-avec-gorille-super\/#breadcrumb"},"inLanguage":"fr-FR","potentialAction":[{"@type":"ReadAction","target":["http:\/\/www.moon-evenementiel.com\/index.php\/produit\/chateau-gonflable-jungle-avec-gorille-super\/"]}]},{"@type":"ImageObject","inLanguage":"fr-FR","@id":"http:\/\/www.moon-evenementiel.com\/index.php\/produit\/chateau-gonflable-jungle-avec-gorille-super\/#primaryimage","url":"https:\/\/www.moon-evenementiel.com\/wp-content\/uploads\/2025\/08\/CHATEAU-GONFLABLE-JUNGLE-GORILLE.png","contentUrl":"https:\/\/www.moon-evenementiel.com\/wp-content\/uploads\/2025\/08\/CHATEAU-GONFLABLE-JUNGLE-GORILLE.png","width":500,"height":500},{"@type":"BreadcrumbList","@id":"http:\/\/www.moon-evenementiel.com\/index.php\/produit\/chateau-gonflable-jungle-avec-gorille-super\/#breadcrumb","itemListElement":[{"@type":"ListItem","position":1,"name":"Accueil","item":"https:\/\/www.moon-evenementiel.com\/"},{"@type":"ListItem","position":2,"name":"Boutique","item":"http:\/\/www.moon-evenementiel.com\/index.php\/boutique\/"},{"@type":"ListItem","position":3,"name":"Ch\u00e2teau Gonflable Jungle avec Gorille Super"}]},{"@type":"WebSite","@id":"https:\/\/www.moon-evenementiel.com\/#website","url":"https:\/\/www.moon-evenementiel.com\/","name":"Moon \u00c9v\u00e8nementiel","description":"Location et prestations \u00e9v\u00e9nementielles","publisher":{"@id":"https:\/\/www.moon-evenementiel.com\/#organization"},"potentialAction":[{"@type":"SearchAction","target":{"@type":"EntryPoint","urlTemplate":"https:\/\/www.moon-evenementiel.com\/?s={search_term_string}"},"query-input":{"@type":"PropertyValueSpecification","valueRequired":true,"valueName":"search_term_string"}}],"inLanguage":"fr-FR"},{"@type":"Organization","@id":"https:\/\/www.moon-evenementiel.com\/#organization","name":"Moon \u00c9v\u00e8nementiel","url":"https:\/\/www.moon-evenementiel.com\/","logo":{"@type":"ImageObject","inLanguage":"fr-FR","@id":"https:\/\/www.moon-evenementiel.com\/#\/schema\/logo\/image\/","url":"https:\/\/www.moon-evenementiel.com\/wp-content\/uploads\/2025\/08\/1-copie.png","contentUrl":"https:\/\/www.moon-evenementiel.com\/wp-content\/uploads\/2025\/08\/1-copie.png","width":500,"height":500,"caption":"Moon \u00c9v\u00e8nementiel"},"image":{"@id":"https:\/\/www.moon-evenementiel.com\/#\/schema\/logo\/image\/"},"sameAs":["https:\/\/www.facebook.com\/share\/1EoGw3KKA8\/?mibextid=wwXIfr","https:\/\/www.instagram.com\/moon.evenementiel?igsh=dmlwcjBxZXc4MDRm&utm_source=qr"]}]}},"_links":{"self":[{"href":"https:\/\/www.moon-evenementiel.com\/index.php\/wp-json\/wp\/v2\/product\/987552863","targetHints":{"allow":["GET"]}}],"collection":[{"href":"https:\/\/www.moon-evenementiel.com\/index.php\/wp-json\/wp\/v2\/product"}],"about":[{"href":"https:\/\/www.moon-evenementiel.com\/index.php\/wp-json\/wp\/v2\/types\/product"}],"wp:featuredmedia":[{"embeddable":true,"href":"https:\/\/www.moon-evenementiel.com\/index.php\/wp-json\/wp\/v2\/media\/987552864"}],"wp:attachment":[{"href":"https:\/\/www.moon-evenementiel.com\/index.php\/wp-json\/wp\/v2\/media?parent=987552863"}],"wp:term":[{"taxonomy":"product_brand","embeddable":true,"href":"https:\/\/www.moon-evenementiel.com\/index.php\/wp-json\/wp\/v2\/product_brand?post=987552863"},{"taxonomy":"product_cat","embeddable":true,"href":"https:\/\/www.moon-evenementiel.com\/index.php\/wp-json\/wp\/v2\/product_cat?post=987552863"},{"taxonomy":"product_tag","embeddable":true,"href":"https:\/\/www.moon-evenementiel.com\/index.php\/wp-json\/wp\/v2\/product_tag?post=987552863"}],"curies":[{"name":"wp","href":"https:\/\/api.w.org\/{rel}","templated":true}]}}