{"id":987552875,"date":"2025-08-20T08:24:13","date_gmt":"2025-08-20T08:24:13","guid":{"rendered":"https:\/\/www.moon-evenementiel.com\/?post_type=product&#038;p=987552875"},"modified":"2025-08-21T08:13:36","modified_gmt":"2025-08-21T08:13:36","slug":"tonnelle-4x4m","status":"publish","type":"product","link":"https:\/\/www.moon-evenementiel.com\/index.php\/produit\/tonnelle-4x4m\/","title":{"rendered":"Tonnelle 4x4m"},"content":{"rendered":"<h1 class=\"p1\">Location Tonnelle 4\u00d74\u202fm \u2013 Votre espace prot\u00e9g\u00e9 partout !<b><\/b><\/h1>\n<p class=\"p3\">Con\u00e7ue pour affronter les conditions les plus extr\u00eames, la Tonnelle 4\u00d74\u202fm d\u00e9ploie ses 16\u202fm\u00b2 de surface prot\u00e9g\u00e9e <span class=\"s1\"><b>comme une v\u00e9ritable station spatiale en mission<\/b><\/span>. <span class=\"s1\">De plus<\/span>, elle se r\u00e8gle sur 5 hauteurs, ce qui permet de l\u2019adapter \u00e0 tous vos besoins. <span class=\"s1\">Gr\u00e2ce \u00e0<\/span> ses b\u00e2ches PVC camion 520\u202fg, \u00e9tanches et \u00e0 double couture, elle r\u00e9siste aux intemp\u00e9ries jusqu\u2019\u00e0 80\u202fkm\/h de vent. <span class=\"s1\">Ainsi<\/span>, elle cr\u00e9e un coin repas, une zone de c\u00e9r\u00e9monie ou un espace d\u00e9tente tout en prot\u00e9geant du soleil et de la pluie. <span class=\"s1\">En m\u00eame temps<\/span>, son design sobre et intemporel s\u2019adapte \u00e0 toutes les ambiances, que ce soit pour un mariage, une r\u00e9ception ou un \u00e9v\u00e9nement professionnel.<\/p>\n<p class=\"p3\"><strong><span class=\"s1\">De surcro\u00eet<\/span>, vous pouvez la personnaliser selon vos envies :<\/strong><\/p>\n<ul>\n<li>\n<p class=\"p1\">Installez un kit c\u00f4t\u00e9s \u00e9tanches blancs avec fen\u00eatres pour fermer la tonnelle facilement (fixation Velcro rapide).<\/p>\n<\/li>\n<li>\n<p class=\"p1\">Ajoutez des voilages l\u00e9gers pour cr\u00e9er une ambiance a\u00e9rienne et romantique.<\/p>\n<\/li>\n<li>\n<p class=\"p1\">Suspendez des guirlandes lumineuses afin de donner une atmosph\u00e8re chaleureuse en soir\u00e9e.<\/p>\n<\/li>\n<li>\n<p class=\"p1\">Int\u00e9grez des compositions florales ou des suspensions d\u00e9coratives pour renforcer l\u2019esth\u00e9tique.<\/p>\n<\/li>\n<li>\n<p class=\"p1\">Choisissez du mobilier classique ou lumineux pour vos r\u00e9ceptions.<\/p>\n<\/li>\n<li>\n<p class=\"p1\">Profitez d\u2019une sonorisation haut de gamme, que ce soit pour un fond sonore subtil ou un concert improvis\u00e9.<\/p>\n<\/li>\n<li>\n<p class=\"p1\">Cr\u00e9ez une ambiance lumineuse <span class=\"s1\"><b>avec<\/b><\/span> nos jeux de lumi\u00e8res et totems.<\/p>\n<\/li>\n<li>\n<p class=\"p1\">Et explorez de nombreuses autres options pour offrir un confort et une personnalisation maximale.<\/p>\n<\/li>\n<\/ul>\n<p>&nbsp;<\/p>\n<p class=\"p1\"><b>En ce qui concerne les dimensions :<\/b><b><\/b><\/p>\n<ul>\n<li>\n<p class=\"p1\">Largeur : 400\u202fcm<\/p>\n<\/li>\n<li>\n<p class=\"p1\">Longueur : 400\u202fcm<\/p>\n<\/li>\n<li>\n<p class=\"p1\">Hauteur ajustable : Hauteur de passage 193 \u00e0 223\u202fcm \/ Hauteur sous faitage 310 \u00e0 330\u202fcm<\/p>\n<\/li>\n<\/ul>\n<p class=\"p3\"><span class=\"s1\"><b>Par ailleurs<\/b><\/span>, cette tonnelle est pliante, ce qui facilite son transport et son installation. Hauteur pli\u00e9e : 210\u202fcm.<\/p>\n<p>&nbsp;<\/p>\n<p class=\"p1\"><span class=\"s3\">\ud83d\udef0\ufe0f <\/span><b>Pr\u00e9parez votre alunissage, la MoonBase est pr\u00eate au d\u00e9ploiement !<\/b><b><\/b><\/p>\n<p class=\"p4\">\n<hr \/>\n<p>&nbsp;<\/p>\n","protected":false},"excerpt":{"rendered":"<p>Location Tonnelle 4\u00d74\u202fm \u2013 Votre espace prot\u00e9g\u00e9 partout ! Con\u00e7ue pour affronter les conditions les plus extr\u00eames, la Tonnelle 4\u00d74\u202fm d\u00e9ploie ses 16\u202fm\u00b2 de surface prot\u00e9g\u00e9e comme une v\u00e9ritable station spatiale en mission. De plus, elle se r\u00e8gle sur 5 hauteurs, ce qui permet de l\u2019adapter \u00e0 tous vos besoins. Gr\u00e2ce \u00e0 ses b\u00e2ches PVC [&hellip;]<\/p>\n","protected":false},"featured_media":987552958,"template":"","meta":{"_et_pb_use_builder":"","_et_pb_old_content":"","_et_gb_content_width":""},"product_brand":[],"product_cat":[15,27],"product_tag":[42,35,37,33,34],"class_list":{"0":"post-987552875","1":"product","2":"type-product","3":"status-publish","4":"has-post-thumbnail","6":"product_cat-non-classe","7":"product_cat-location-tonnelles-dunkerque","8":"product_tag-4x4m","9":"product_tag-barnum","10":"product_tag-dunkerque","11":"product_tag-location","12":"product_tag-tonnelle","14":"first","15":"instock","16":"taxable","17":"shipping-taxable","18":"purchasable","19":"product-type-simple"},"yoast_head":"<!-- This site is optimized with the Yoast SEO plugin v25.7 - https:\/\/yoast.com\/wordpress\/plugins\/seo\/ -->\n<title>Tonnelle 4x4m - MOON \u00c9v\u00e9nementiel<\/title>\n<meta name=\"description\" content=\"Louez une tonnelle 4x4m \u00e0 Dunkerque pour vos \u00e9v\u00e8nements. Robuste, \u00e9l\u00e9gante et facile \u00e0 installer, elle offre un abri parfait pour vos invit\u00e9s.\" \/>\n<meta name=\"robots\" content=\"index, follow, max-snippet:-1, max-image-preview:large, max-video-preview:-1\" \/>\n<link rel=\"canonical\" href=\"http:\/\/www.moon-evenementiel.com\/index.php\/produit\/tonnelle-4x4m\/\" \/>\n<meta property=\"og:locale\" content=\"fr_FR\" \/>\n<meta property=\"og:type\" content=\"article\" \/>\n<meta property=\"og:title\" content=\"Tonnelle 4x4m - MOON \u00c9v\u00e9nementiel\" \/>\n<meta property=\"og:description\" content=\"Louez une tonnelle 4x4m \u00e0 Dunkerque pour vos \u00e9v\u00e8nements. Robuste, \u00e9l\u00e9gante et facile \u00e0 installer, elle offre un abri parfait pour vos invit\u00e9s.\" \/>\n<meta property=\"og:url\" content=\"http:\/\/www.moon-evenementiel.com\/index.php\/produit\/tonnelle-4x4m\/\" \/>\n<meta property=\"og:site_name\" content=\"MOON \u00c9v\u00e9nementiel\" \/>\n<meta property=\"article:publisher\" content=\"https:\/\/www.facebook.com\/share\/1EoGw3KKA8\/?mibextid=wwXIfr\" \/>\n<meta property=\"article:modified_time\" content=\"2025-08-21T08:13:36+00:00\" \/>\n<meta property=\"og:image\" content=\"http:\/\/www.moon-evenementiel.com\/wp-content\/uploads\/2025\/08\/TONNELLE-4X4-BOUTIQUE-1.png\" \/>\n\t<meta property=\"og:image:width\" content=\"500\" \/>\n\t<meta property=\"og:image:height\" content=\"500\" \/>\n\t<meta property=\"og:image:type\" content=\"image\/png\" \/>\n<meta name=\"twitter:card\" content=\"summary_large_image\" \/>\n<meta name=\"twitter:label1\" content=\"Dur\u00e9e de lecture estim\u00e9e\" \/>\n\t<meta name=\"twitter:data1\" content=\"2 minutes\" \/>\n<script type=\"application\/ld+json\" class=\"yoast-schema-graph\">{\"@context\":\"https:\/\/schema.org\",\"@graph\":[{\"@type\":\"WebPage\",\"@id\":\"http:\/\/www.moon-evenementiel.com\/index.php\/produit\/tonnelle-4x4m\/\",\"url\":\"http:\/\/www.moon-evenementiel.com\/index.php\/produit\/tonnelle-4x4m\/\",\"name\":\"Tonnelle 4x4m - MOON \u00c9v\u00e9nementiel\",\"isPartOf\":{\"@id\":\"https:\/\/www.moon-evenementiel.com\/#website\"},\"primaryImageOfPage\":{\"@id\":\"http:\/\/www.moon-evenementiel.com\/index.php\/produit\/tonnelle-4x4m\/#primaryimage\"},\"image\":{\"@id\":\"http:\/\/www.moon-evenementiel.com\/index.php\/produit\/tonnelle-4x4m\/#primaryimage\"},\"thumbnailUrl\":\"https:\/\/www.moon-evenementiel.com\/wp-content\/uploads\/2025\/08\/TONNELLE-4X4-BOUTIQUE-1.png\",\"datePublished\":\"2025-08-20T08:24:13+00:00\",\"dateModified\":\"2025-08-21T08:13:36+00:00\",\"description\":\"Louez une tonnelle 4x4m \u00e0 Dunkerque pour vos \u00e9v\u00e8nements. Robuste, \u00e9l\u00e9gante et facile \u00e0 installer, elle offre un abri parfait pour vos invit\u00e9s.\",\"breadcrumb\":{\"@id\":\"http:\/\/www.moon-evenementiel.com\/index.php\/produit\/tonnelle-4x4m\/#breadcrumb\"},\"inLanguage\":\"fr-FR\",\"potentialAction\":[{\"@type\":\"ReadAction\",\"target\":[\"http:\/\/www.moon-evenementiel.com\/index.php\/produit\/tonnelle-4x4m\/\"]}]},{\"@type\":\"ImageObject\",\"inLanguage\":\"fr-FR\",\"@id\":\"http:\/\/www.moon-evenementiel.com\/index.php\/produit\/tonnelle-4x4m\/#primaryimage\",\"url\":\"https:\/\/www.moon-evenementiel.com\/wp-content\/uploads\/2025\/08\/TONNELLE-4X4-BOUTIQUE-1.png\",\"contentUrl\":\"https:\/\/www.moon-evenementiel.com\/wp-content\/uploads\/2025\/08\/TONNELLE-4X4-BOUTIQUE-1.png\",\"width\":500,\"height\":500},{\"@type\":\"BreadcrumbList\",\"@id\":\"http:\/\/www.moon-evenementiel.com\/index.php\/produit\/tonnelle-4x4m\/#breadcrumb\",\"itemListElement\":[{\"@type\":\"ListItem\",\"position\":1,\"name\":\"Accueil\",\"item\":\"https:\/\/www.moon-evenementiel.com\/\"},{\"@type\":\"ListItem\",\"position\":2,\"name\":\"Boutique\",\"item\":\"http:\/\/www.moon-evenementiel.com\/index.php\/boutique\/\"},{\"@type\":\"ListItem\",\"position\":3,\"name\":\"Tonnelle 4x4m\"}]},{\"@type\":\"WebSite\",\"@id\":\"https:\/\/www.moon-evenementiel.com\/#website\",\"url\":\"https:\/\/www.moon-evenementiel.com\/\",\"name\":\"Moon \u00c9v\u00e8nementiel\",\"description\":\"Location et prestations \u00e9v\u00e9nementielles\",\"publisher\":{\"@id\":\"https:\/\/www.moon-evenementiel.com\/#organization\"},\"potentialAction\":[{\"@type\":\"SearchAction\",\"target\":{\"@type\":\"EntryPoint\",\"urlTemplate\":\"https:\/\/www.moon-evenementiel.com\/?s={search_term_string}\"},\"query-input\":{\"@type\":\"PropertyValueSpecification\",\"valueRequired\":true,\"valueName\":\"search_term_string\"}}],\"inLanguage\":\"fr-FR\"},{\"@type\":\"Organization\",\"@id\":\"https:\/\/www.moon-evenementiel.com\/#organization\",\"name\":\"Moon \u00c9v\u00e8nementiel\",\"url\":\"https:\/\/www.moon-evenementiel.com\/\",\"logo\":{\"@type\":\"ImageObject\",\"inLanguage\":\"fr-FR\",\"@id\":\"https:\/\/www.moon-evenementiel.com\/#\/schema\/logo\/image\/\",\"url\":\"https:\/\/www.moon-evenementiel.com\/wp-content\/uploads\/2025\/08\/1-copie.png\",\"contentUrl\":\"https:\/\/www.moon-evenementiel.com\/wp-content\/uploads\/2025\/08\/1-copie.png\",\"width\":500,\"height\":500,\"caption\":\"Moon \u00c9v\u00e8nementiel\"},\"image\":{\"@id\":\"https:\/\/www.moon-evenementiel.com\/#\/schema\/logo\/image\/\"},\"sameAs\":[\"https:\/\/www.facebook.com\/share\/1EoGw3KKA8\/?mibextid=wwXIfr\",\"https:\/\/www.instagram.com\/moon.evenementiel?igsh=dmlwcjBxZXc4MDRm&utm_source=qr\"]}]}<\/script>\n<!-- \/ Yoast SEO plugin. -->","yoast_head_json":{"title":"Tonnelle 4x4m - MOON \u00c9v\u00e9nementiel","description":"Louez une tonnelle 4x4m \u00e0 Dunkerque pour vos \u00e9v\u00e8nements. Robuste, \u00e9l\u00e9gante et facile \u00e0 installer, elle offre un abri parfait pour vos invit\u00e9s.","robots":{"index":"index","follow":"follow","max-snippet":"max-snippet:-1","max-image-preview":"max-image-preview:large","max-video-preview":"max-video-preview:-1"},"canonical":"http:\/\/www.moon-evenementiel.com\/index.php\/produit\/tonnelle-4x4m\/","og_locale":"fr_FR","og_type":"article","og_title":"Tonnelle 4x4m - MOON \u00c9v\u00e9nementiel","og_description":"Louez une tonnelle 4x4m \u00e0 Dunkerque pour vos \u00e9v\u00e8nements. Robuste, \u00e9l\u00e9gante et facile \u00e0 installer, elle offre un abri parfait pour vos invit\u00e9s.","og_url":"http:\/\/www.moon-evenementiel.com\/index.php\/produit\/tonnelle-4x4m\/","og_site_name":"MOON \u00c9v\u00e9nementiel","article_publisher":"https:\/\/www.facebook.com\/share\/1EoGw3KKA8\/?mibextid=wwXIfr","article_modified_time":"2025-08-21T08:13:36+00:00","og_image":[{"width":500,"height":500,"url":"http:\/\/www.moon-evenementiel.com\/wp-content\/uploads\/2025\/08\/TONNELLE-4X4-BOUTIQUE-1.png","type":"image\/png"}],"twitter_card":"summary_large_image","twitter_misc":{"Dur\u00e9e de lecture estim\u00e9e":"2 minutes"},"schema":{"@context":"https:\/\/schema.org","@graph":[{"@type":"WebPage","@id":"http:\/\/www.moon-evenementiel.com\/index.php\/produit\/tonnelle-4x4m\/","url":"http:\/\/www.moon-evenementiel.com\/index.php\/produit\/tonnelle-4x4m\/","name":"Tonnelle 4x4m - MOON \u00c9v\u00e9nementiel","isPartOf":{"@id":"https:\/\/www.moon-evenementiel.com\/#website"},"primaryImageOfPage":{"@id":"http:\/\/www.moon-evenementiel.com\/index.php\/produit\/tonnelle-4x4m\/#primaryimage"},"image":{"@id":"http:\/\/www.moon-evenementiel.com\/index.php\/produit\/tonnelle-4x4m\/#primaryimage"},"thumbnailUrl":"https:\/\/www.moon-evenementiel.com\/wp-content\/uploads\/2025\/08\/TONNELLE-4X4-BOUTIQUE-1.png","datePublished":"2025-08-20T08:24:13+00:00","dateModified":"2025-08-21T08:13:36+00:00","description":"Louez une tonnelle 4x4m \u00e0 Dunkerque pour vos \u00e9v\u00e8nements. Robuste, \u00e9l\u00e9gante et facile \u00e0 installer, elle offre un abri parfait pour vos invit\u00e9s.","breadcrumb":{"@id":"http:\/\/www.moon-evenementiel.com\/index.php\/produit\/tonnelle-4x4m\/#breadcrumb"},"inLanguage":"fr-FR","potentialAction":[{"@type":"ReadAction","target":["http:\/\/www.moon-evenementiel.com\/index.php\/produit\/tonnelle-4x4m\/"]}]},{"@type":"ImageObject","inLanguage":"fr-FR","@id":"http:\/\/www.moon-evenementiel.com\/index.php\/produit\/tonnelle-4x4m\/#primaryimage","url":"https:\/\/www.moon-evenementiel.com\/wp-content\/uploads\/2025\/08\/TONNELLE-4X4-BOUTIQUE-1.png","contentUrl":"https:\/\/www.moon-evenementiel.com\/wp-content\/uploads\/2025\/08\/TONNELLE-4X4-BOUTIQUE-1.png","width":500,"height":500},{"@type":"BreadcrumbList","@id":"http:\/\/www.moon-evenementiel.com\/index.php\/produit\/tonnelle-4x4m\/#breadcrumb","itemListElement":[{"@type":"ListItem","position":1,"name":"Accueil","item":"https:\/\/www.moon-evenementiel.com\/"},{"@type":"ListItem","position":2,"name":"Boutique","item":"http:\/\/www.moon-evenementiel.com\/index.php\/boutique\/"},{"@type":"ListItem","position":3,"name":"Tonnelle 4x4m"}]},{"@type":"WebSite","@id":"https:\/\/www.moon-evenementiel.com\/#website","url":"https:\/\/www.moon-evenementiel.com\/","name":"Moon \u00c9v\u00e8nementiel","description":"Location et prestations \u00e9v\u00e9nementielles","publisher":{"@id":"https:\/\/www.moon-evenementiel.com\/#organization"},"potentialAction":[{"@type":"SearchAction","target":{"@type":"EntryPoint","urlTemplate":"https:\/\/www.moon-evenementiel.com\/?s={search_term_string}"},"query-input":{"@type":"PropertyValueSpecification","valueRequired":true,"valueName":"search_term_string"}}],"inLanguage":"fr-FR"},{"@type":"Organization","@id":"https:\/\/www.moon-evenementiel.com\/#organization","name":"Moon \u00c9v\u00e8nementiel","url":"https:\/\/www.moon-evenementiel.com\/","logo":{"@type":"ImageObject","inLanguage":"fr-FR","@id":"https:\/\/www.moon-evenementiel.com\/#\/schema\/logo\/image\/","url":"https:\/\/www.moon-evenementiel.com\/wp-content\/uploads\/2025\/08\/1-copie.png","contentUrl":"https:\/\/www.moon-evenementiel.com\/wp-content\/uploads\/2025\/08\/1-copie.png","width":500,"height":500,"caption":"Moon \u00c9v\u00e8nementiel"},"image":{"@id":"https:\/\/www.moon-evenementiel.com\/#\/schema\/logo\/image\/"},"sameAs":["https:\/\/www.facebook.com\/share\/1EoGw3KKA8\/?mibextid=wwXIfr","https:\/\/www.instagram.com\/moon.evenementiel?igsh=dmlwcjBxZXc4MDRm&utm_source=qr"]}]}},"_links":{"self":[{"href":"https:\/\/www.moon-evenementiel.com\/index.php\/wp-json\/wp\/v2\/product\/987552875","targetHints":{"allow":["GET"]}}],"collection":[{"href":"https:\/\/www.moon-evenementiel.com\/index.php\/wp-json\/wp\/v2\/product"}],"about":[{"href":"https:\/\/www.moon-evenementiel.com\/index.php\/wp-json\/wp\/v2\/types\/product"}],"wp:featuredmedia":[{"embeddable":true,"href":"https:\/\/www.moon-evenementiel.com\/index.php\/wp-json\/wp\/v2\/media\/987552958"}],"wp:attachment":[{"href":"https:\/\/www.moon-evenementiel.com\/index.php\/wp-json\/wp\/v2\/media?parent=987552875"}],"wp:term":[{"taxonomy":"product_brand","embeddable":true,"href":"https:\/\/www.moon-evenementiel.com\/index.php\/wp-json\/wp\/v2\/product_brand?post=987552875"},{"taxonomy":"product_cat","embeddable":true,"href":"https:\/\/www.moon-evenementiel.com\/index.php\/wp-json\/wp\/v2\/product_cat?post=987552875"},{"taxonomy":"product_tag","embeddable":true,"href":"https:\/\/www.moon-evenementiel.com\/index.php\/wp-json\/wp\/v2\/product_tag?post=987552875"}],"curies":[{"name":"wp","href":"https:\/\/api.w.org\/{rel}","templated":true}]}}